{"id":52389,"date":"2020-11-06T22:46:24","date_gmt":"2020-11-06T21:46:24","guid":{"rendered":"https:\/\/bmb-srl.com\/?page_id=52389"},"modified":"2022-12-01T16:16:46","modified_gmt":"2022-12-01T15:16:46","slug":"contatti","status":"publish","type":"page","link":"https:\/\/bmb-srl.com\/fr\/contacts\/","title":{"rendered":"Contacts"},"content":{"rendered":"<p>[et_pb_section fb_built=&#8221;1&#8243; _builder_version=&#8221;4.16&#8243; _module_preset=&#8221;default&#8221; global_colors_info=&#8221;{}&#8221;][et_pb_row column_structure=&#8221;1_2,1_2&#8243; _builder_version=&#8221;4.16&#8243; _module_preset=&#8221;default&#8221; global_colors_info=&#8221;{}&#8221;][et_pb_column type=&#8221;1_2&#8243; _builder_version=&#8221;4.16&#8243; _module_preset=&#8221;default&#8221; global_colors_info=&#8221;{}&#8221;][et_pb_text _builder_version=&#8221;4.16&#8243; text_font=&#8221;Montserrat||||||||&#8221; text_line_height=&#8221;1.8em&#8221; link_font=&#8221;Montserrat|700|||||||&#8221; link_text_color=&#8221;#fa546d&#8221; link_font_size=&#8221;22px&#8221; link_line_height=&#8221;1.5em&#8221; header_font=&#8221;||||||||&#8221; header_2_font=&#8221;Montserrat|700|||||||&#8221; header_2_font_size=&#8221;40px&#8221; header_2_line_height=&#8221;1.5em&#8221; header_3_font=&#8221;Montserrat|700|||||||&#8221; header_3_font_size=&#8221;40px&#8221; header_3_line_height=&#8221;1.5em&#8221; header_6_font=&#8221;Montserrat|600||on|||||&#8221; header_6_text_color=&#8221;#e82720&#8243; header_6_font_size=&#8221;16px&#8221; header_6_letter_spacing=&#8221;2px&#8221; header_6_line_height=&#8221;1.5em&#8221; max_width_last_edited=&#8221;off|desktop&#8221; module_alignment=&#8221;left&#8221; custom_margin=&#8221;||10px||false|false&#8221; custom_padding=&#8221;|||&#8221; text_font_size_tablet=&#8221;&#8221; text_font_size_phone=&#8221;14px&#8221; text_font_size_last_edited=&#8221;on|phone&#8221; header_2_font_size_tablet=&#8221;&#8221; header_2_font_size_phone=&#8221;24px&#8221; header_2_font_size_last_edited=&#8221;on|phone&#8221; header_3_font_size_tablet=&#8221;&#8221; header_3_font_size_phone=&#8221;24px&#8221; header_3_font_size_last_edited=&#8221;on|phone&#8221; header_6_font_size_tablet=&#8221;&#8221; header_6_font_size_phone=&#8221;14px&#8221; header_6_font_size_last_edited=&#8221;on|phone&#8221; locked=&#8221;off&#8221; global_colors_info=&#8221;{}&#8221;]<\/p>\n<h2>Contacts au si\u00e8ge<\/h2>\n<p>[\/et_pb_text][et_pb_blurb title=&#8221;Informazioni generali&#8221; use_icon=&#8221;on&#8221; font_icon=&#8221;&#xe076;||divi||400&#8243; icon_color=&#8221;#691e79&#8243; icon_placement=&#8221;left&#8221; image_icon_width=&#8221;15px&#8221; _builder_version=&#8221;4.16&#8243; _module_preset=&#8221;default&#8221; header_text_color=&#8221;#691e79&#8243; custom_margin=&#8221;||20px||false|false&#8221; icon_font_size=&#8221;15px&#8221; global_colors_info=&#8221;{}&#8221;]<\/p>\n<p>info@bmb-srl.com<\/p>\n<p>[\/et_pb_blurb][et_pb_blurb title=&#8221;Amministrazione&#8221; use_icon=&#8221;on&#8221; font_icon=&#8221;&#xe076;||divi||400&#8243; icon_color=&#8221;#691e79&#8243; icon_placement=&#8221;left&#8221; image_icon_width=&#8221;15px&#8221; _builder_version=&#8221;4.16&#8243; _module_preset=&#8221;default&#8221; header_text_color=&#8221;#691e79&#8243; custom_margin=&#8221;||20px||false|false&#8221; icon_font_size=&#8221;15px&#8221; global_colors_info=&#8221;{}&#8221;]<\/p>\n<p><span>amministrazione@bmb-srl.com<\/span><\/p>\n<p>[\/et_pb_blurb][et_pb_blurb title=&#8221;Ufficio Qualit\u00e0&#8221; use_icon=&#8221;on&#8221; font_icon=&#8221;&#xe076;||divi||400&#8243; icon_color=&#8221;#691e79&#8243; icon_placement=&#8221;left&#8221; image_icon_width=&#8221;15px&#8221; _builder_version=&#8221;4.16&#8243; _module_preset=&#8221;default&#8221; header_text_color=&#8221;#691e79&#8243; custom_margin=&#8221;||20px||false|false&#8221; icon_font_size=&#8221;15px&#8221; global_colors_info=&#8221;{}&#8221;]<\/p>\n<p><span>qualita@bmb-srl.com<\/span><\/p>\n<p>[\/et_pb_blurb][et_pb_blurb title=&#8221;Direzione generale&#8221; use_icon=&#8221;on&#8221; font_icon=&#8221;&#xe090;||divi||400&#8243; icon_color=&#8221;#691e79&#8243; icon_placement=&#8221;left&#8221; image_icon_width=&#8221;15px&#8221; _builder_version=&#8221;4.19.2&#8243; _module_preset=&#8221;default&#8221; header_text_color=&#8221;#691e79&#8243; body_link_text_color=&#8221;#e82720&#8243; custom_margin=&#8221;||20px||false|false&#8221; hover_enabled=&#8221;0&#8243; icon_font_size=&#8221;15px&#8221; global_colors_info=&#8221;{}&#8221; sticky_enabled=&#8221;0&#8243;]mauro.balestri@bmb-srl.com[\/et_pb_blurb][et_pb_text _builder_version=&#8221;4.19.2&#8243; text_font=&#8221;Montserrat||||||||&#8221; text_line_height=&#8221;1.8em&#8221; link_font=&#8221;Montserrat|700|||||||&#8221; link_text_color=&#8221;#fa546d&#8221; link_font_size=&#8221;22px&#8221; link_line_height=&#8221;1.5em&#8221; header_font=&#8221;||||||||&#8221; header_2_font=&#8221;Montserrat|700|||||||&#8221; header_2_font_size=&#8221;40px&#8221; header_2_line_height=&#8221;1.5em&#8221; header_3_font=&#8221;Montserrat|700|||||||&#8221; header_3_font_size=&#8221;40px&#8221; header_3_line_height=&#8221;1.5em&#8221; header_6_font=&#8221;Montserrat|600||on|||||&#8221; header_6_text_color=&#8221;#e82720&#8243; header_6_font_size=&#8221;16px&#8221; header_6_letter_spacing=&#8221;2px&#8221; header_6_line_height=&#8221;1.5em&#8221; max_width_last_edited=&#8221;off|desktop&#8221; module_alignment=&#8221;left&#8221; custom_margin=&#8221;|||&#8221; custom_padding=&#8221;|||&#8221; hover_enabled=&#8221;0&#8243; text_font_size_tablet=&#8221;&#8221; text_font_size_phone=&#8221;14px&#8221; text_font_size_last_edited=&#8221;on|phone&#8221; header_2_font_size_tablet=&#8221;&#8221; header_2_font_size_phone=&#8221;24px&#8221; header_2_font_size_last_edited=&#8221;on|phone&#8221; header_3_font_size_tablet=&#8221;&#8221; header_3_font_size_phone=&#8221;24px&#8221; header_3_font_size_last_edited=&#8221;on|phone&#8221; header_6_font_size_tablet=&#8221;&#8221; header_6_font_size_phone=&#8221;14px&#8221; header_6_font_size_last_edited=&#8221;on|phone&#8221; locked=&#8221;off&#8221; global_colors_info=&#8221;{}&#8221; sticky_enabled=&#8221;0&#8243;]<\/p>\n\n<p>[\/et_pb_text][\/et_pb_column][et_pb_column type=&#8221;1_2&#8243; _builder_version=&#8221;4.16&#8243; _module_preset=&#8221;default&#8221; hover_enabled=&#8221;0&#8243; global_colors_info=&#8221;{}&#8221; sticky_enabled=&#8221;0&#8243;][et_pb_text _builder_version=&#8221;4.19.1&#8243; _module_preset=&#8221;default&#8221; module_alignment=&#8221;center&#8221; custom_margin=&#8221;||||false|false&#8221; global_colors_info=&#8221;{}&#8221; custom_css_main_element_last_edited=&#8221;on|desktop&#8221; custom_css_main_element_phone=&#8221;margin-right:-30px !important;||margin-left:-30px !important;&#8221; admin_label=&#8221;mappa ita&#8221;][\/et_pb_text][et_pb_text _builder_version=&#8221;4.19.2&#8243; text_font=&#8221;Montserrat||||||||&#8221; text_line_height=&#8221;1.8em&#8221; link_font=&#8221;Montserrat|700|||||||&#8221; link_font_size=&#8221;22px&#8221; link_line_height=&#8221;1.5em&#8221; header_font=&#8221;||||||||&#8221; header_2_font=&#8221;Montserrat|700|||||||&#8221; header_2_font_size=&#8221;40px&#8221; header_2_line_height=&#8221;1.5em&#8221; header_3_font=&#8221;Montserrat|700|||||||&#8221; header_3_font_size=&#8221;40px&#8221; header_3_line_height=&#8221;1.5em&#8221; header_6_font=&#8221;Montserrat|600||on|||||&#8221; header_6_text_color=&#8221;#e82720&#8243; header_6_font_size=&#8221;16px&#8221; header_6_letter_spacing=&#8221;2px&#8221; header_6_line_height=&#8221;1.5em&#8221; max_width_last_edited=&#8221;off|desktop&#8221; module_alignment=&#8221;left&#8221; custom_margin=&#8221;||||false|false&#8221; custom_padding=&#8221;|||&#8221; hover_enabled=&#8221;0&#8243; text_font_size_tablet=&#8221;&#8221; text_font_size_phone=&#8221;14px&#8221; text_font_size_last_edited=&#8221;on|phone&#8221; header_2_font_size_tablet=&#8221;&#8221; header_2_font_size_phone=&#8221;24px&#8221; header_2_font_size_last_edited=&#8221;on|phone&#8221; header_3_font_size_tablet=&#8221;&#8221; header_3_font_size_phone=&#8221;24px&#8221; header_3_font_size_last_edited=&#8221;on|phone&#8221; header_6_font_size_tablet=&#8221;&#8221; header_6_font_size_phone=&#8221;14px&#8221; header_6_font_size_last_edited=&#8221;on|phone&#8221; locked=&#8221;off&#8221; global_colors_info=&#8221;{}&#8221; sticky_enabled=&#8221;0&#8243; link_option_url=&#8221;\/eu\/&#8221; admin_label=&#8221;testo per estero&#8221;]<\/p>\n\n<h2>Besoin d\u2019une consultation ?<\/h2>\n<p>\u00c9crivez-nous et notre repr\u00e9sentant de zone vous contactera afin de vous aider \u00e0 mieux comprendre quels sont nos produits qui r\u00e9pondent le mieux \u00e0 vos exigences. <span style=\"text-decoration: underline;\"><strong>Cliquez ici<\/strong><\/span>. <br \/><\/p>\n<p>[\/et_pb_text][\/et_pb_column][\/et_pb_row][et_pb_row _builder_version=&#8221;4.16&#8243; _module_preset=&#8221;default&#8221; global_colors_info=&#8221;{}&#8221;][et_pb_column type=&#8221;4_4&#8243; _builder_version=&#8221;4.16&#8243; _module_preset=&#8221;default&#8221; global_colors_info=&#8221;{}&#8221;][et_pb_code _builder_version=&#8221;4.16&#8243; _module_preset=&#8221;default&#8221; global_colors_info=&#8221;{}&#8221;]<a name=\"dove\"><\/a>[\/et_pb_code][et_pb_text _builder_version=&#8221;4.16&#8243; text_font=&#8221;Montserrat||||||||&#8221; text_line_height=&#8221;1.8em&#8221; link_font=&#8221;Montserrat|700|||||||&#8221; link_text_color=&#8221;#fa546d&#8221; link_font_size=&#8221;22px&#8221; link_line_height=&#8221;1.5em&#8221; header_font=&#8221;||||||||&#8221; header_2_font=&#8221;Montserrat|700|||||||&#8221; header_2_font_size=&#8221;40px&#8221; header_2_line_height=&#8221;1.5em&#8221; header_3_font=&#8221;Montserrat|700|||||||&#8221; header_3_font_size=&#8221;40px&#8221; header_3_line_height=&#8221;1.5em&#8221; header_6_font=&#8221;Montserrat|600||on|||||&#8221; header_6_text_color=&#8221;#e82720&#8243; header_6_font_size=&#8221;16px&#8221; header_6_letter_spacing=&#8221;2px&#8221; header_6_line_height=&#8221;1.5em&#8221; max_width_last_edited=&#8221;off|desktop&#8221; module_alignment=&#8221;left&#8221; custom_margin=&#8221;|||&#8221; custom_padding=&#8221;|||&#8221; text_font_size_tablet=&#8221;&#8221; text_font_size_phone=&#8221;14px&#8221; text_font_size_last_edited=&#8221;on|phone&#8221; header_2_font_size_tablet=&#8221;&#8221; header_2_font_size_phone=&#8221;24px&#8221; header_2_font_size_last_edited=&#8221;on|phone&#8221; header_3_font_size_tablet=&#8221;&#8221; header_3_font_size_phone=&#8221;24px&#8221; header_3_font_size_last_edited=&#8221;on|phone&#8221; header_6_font_size_tablet=&#8221;&#8221; header_6_font_size_phone=&#8221;14px&#8221; header_6_font_size_last_edited=&#8221;on|phone&#8221; locked=&#8221;off&#8221; global_colors_info=&#8221;{}&#8221;]<\/p>\n<h6>O\u00f9 nous sommes<\/h6>\n<h2>BMB srl<\/h2>\n<p>BMB srl est situ\u00e9e dans la zone industrielle de Muzza Spadetta \u00e0 Valsamoggia, Bazzano, facilement accessible depuis la sortie de l'autoroute. <em>Valsamoggia<\/em> et reli\u00e9e par la Strada Provinciale Nuova Pedemontana sortie 14 entre Bologne et Mod\u00e8ne.<\/p>\n<p>[\/et_pb_text][et_pb_code _builder_version=&#8221;4.16&#8243; _module_preset=&#8221;default&#8221; global_colors_info=&#8221;{}&#8221;]\t\t\t\t<input type=\"hidden\" id=\"wp_mapbox_gl_js_wordpress_url\" value='https:\/\/bmb-srl.com' \/>\n\t\t\t\t<input type=\"hidden\" id=\"wp_mapbox_gl_js_plugin_url\" value='https:\/\/bmb-srl.com\/wp-content\/plugins' \/>\n\t\t\t\t<div\n\t\t\t\t\tid='wp_mapbox_gl_js_map-1573464299'\n\t\t\t\t\tstyle='height:400px;width:100%'\n\t\t\t\t\tdata-center='11.070862077508,44.508910781535'\n\t\t\t\t\tdata-zoom='13.058754672957'\n\t\t\t\t\tdata-scroll-zoom='false'\n\t\t\t\t\tdata-pitch='0'\n\t\t\t\t\tdata-bearing='0'\n\t\t\t\t\tdata-style='mapbox:\/\/styles\/mapbox\/light-v9'\n\t\t\t\t\tdata-controls='{\"navigation\":true,\"geocoder\":false,\"fullscreen\":false,\"scale\":false,\"directions\":false,\"scrollZoom\":false,\"categoryFilter\":false,\"layerFilter\":false,\"preFillInput\":false,\"geolocaterControl\":false,\"locationSidebar\":false,\"markerNoDisappear\":false,\"clusterMarkers\":false}'\n\t\t\t\t\tdata-mapdata='[{&quot;id&quot;:&quot;ea2bcb4b673b630b25cbf96ecc504119&quot;,&quot;type&quot;:&quot;Feature&quot;,&quot;properties&quot;:{&quot;name&quot;:&quot;&quot;,&quot;description&quot;:&quot;&lt;p&gt;BMB Srl&lt;\\\/p&gt;&quot;,&quot;color&quot;:&quot;#333&quot;,&quot;marker_icon_url&quot;:&quot;https:\\\/\\\/bmb-srl.com\\\/wp-content\\\/plugins\\\/wp-mapbox-gl-js\\\/admin\\\/wp-mapmaker\\\/public\\\/img\\\/defaults\\\/red_hole.png-wp_mapbox_gl_js_sizing-200-200&quot;,&quot;marker_title&quot;:&quot;BMB&quot;,&quot;category&quot;:&quot;&quot;,&quot;popup_open&quot;:true,&quot;opacity&quot;:0.4,&quot;marker_icon_anchor&quot;:&quot;bottom&quot;},&quot;geometry&quot;:{&quot;coordinates&quot;:[11.071526453440327,44.50912338101085],&quot;type&quot;:&quot;Point&quot;}}]'\n\t\t\t\t\tdata-token='pk.eyJ1IjoiZmVkZWZvciIsImEiOiJjam9vNWR3NWQwMGl3M3FwY3NuOHNtanQ5In0.DMxb-Kv2eqRcwyFTl8Jzaw'\n\t\t\t\t\tdata-map-categories='[]'\n\t\t\t\t\tdata-map-origin='\"\"'\n\t\t\t\t\tdata-map-destination='\"\"'\n\t\t\t\t\tdata-map-layers-filter='[]'\n\t\t\t\t\tclass=\"wp-mapbox-gl-js-map\" ><\/div>\n\t\t\t[\/et_pb_code][\/et_pb_column][\/et_pb_row][\/et_pb_section]<\/p>","protected":false},"excerpt":{"rendered":"<p>Contatti sedeinfo@bmb-srl.comamministrazione@bmb-srl.comqualita@bmb-srl.commauro.balestri@bmb-srl.com Hai bisogno di una consulenza? Scrivici e il nostro referente di zona ti ricontatter\u00e0 per aiutarti [&hellip;]<\/p>","protected":false},"author":2,"featured_media":0,"parent":0,"menu_order":0,"comment_status":"closed","ping_status":"closed","template":"","meta":{"_et_pb_use_builder":"on","_et_pb_old_content":"","_et_gb_content_width":"","wp_mapbox_gl_js_media":[]},"_links":{"self":[{"href":"https:\/\/bmb-srl.com\/fr\/wp-json\/wp\/v2\/pages\/52389"}],"collection":[{"href":"https:\/\/bmb-srl.com\/fr\/wp-json\/wp\/v2\/pages"}],"about":[{"href":"https:\/\/bmb-srl.com\/fr\/wp-json\/wp\/v2\/types\/page"}],"author":[{"embeddable":true,"href":"https:\/\/bmb-srl.com\/fr\/wp-json\/wp\/v2\/users\/2"}],"replies":[{"embeddable":true,"href":"https:\/\/bmb-srl.com\/fr\/wp-json\/wp\/v2\/comments?post=52389"}],"version-history":[{"count":0,"href":"https:\/\/bmb-srl.com\/fr\/wp-json\/wp\/v2\/pages\/52389\/revisions"}],"wp:attachment":[{"href":"https:\/\/bmb-srl.com\/fr\/wp-json\/wp\/v2\/media?parent=52389"}],"curies":[{"name":"wp","href":"https:\/\/api.w.org\/{rel}","templated":true}]}}